{"id":93,"date":"2024-12-23T07:56:57","date_gmt":"2024-12-23T07:56:57","guid":{"rendered":"https:\/\/romantic-hopper.213-158-90-86.plesk.page\/?page_id=93"},"modified":"2024-12-23T07:56:57","modified_gmt":"2024-12-23T07:56:57","slug":"postseismic_event_data","status":"publish","type":"page","link":"https:\/\/romantic-hopper.213-158-90-86.plesk.page\/index.php\/postseismic_event_data\/","title":{"rendered":"Repository webpage of the Sinaps@ post-seismic survey datasets"},"content":{"rendered":"<p>Through this page, you can download the event datasets built with the records performed during the Sinaps@ post-seismic survey (Cephalonia 2014-2015 aftershock sequence).<\/p>\n<p>This repository webpage is associated to these papers:<\/p>\n<p>Vincent Perron, Fabrice Hollender, Armand Mariscal, Nikolaos Theodoulidis, Chrisostomos Andreou, Pierre\u2010Yves Bard, C\u00e9cile Cornou, R\u00e9gis Cottereau, Edward Marc Cushing, Alberto Frau, S\u00e9bastien Hok, Agisilaos Konidaris, Philippe Langlaude, Aurore Laurendeau, Alexandros Savvaidis, Angkeara Svay;<span>\u00a0<\/span><em>Accelerometer, Velocimeter Dense\u2010Array, and Rotation Sensor Datasets from the Sinaps@ Postseismic Survey (Cephalonia 2014\u20132015 Aftershock Sequence).<\/em><span>\u00a0<\/span>Seismological Research Letters; 89 (2A): 678\u2013687. doi:<span>\u00a0<\/span><a href=\"https:\/\/doi.org\/10.1785\/0220170125\" target=\"_blank\" rel=\"noopener\">10.1785\/0220170125<\/a><\/p>\n<p>and<\/p>\n<p>Sbaa S, Hollender F, Perron V, Imtiaz A, Bard P-Y, Mariscal A, Cochard A, Dujardin A (2017)<span>\u00a0<\/span><em>Analysis of rotation sensor data from the SINAPS@ Kefalonia (Greece) post-seismic experiment\u2014link to surface geology and wavefield characteristics.<\/em><span>\u00a0<\/span>Earth, Planets and Space. doi:<span>\u00a0<\/span><a href=\"https:\/\/doi.org\/10.1186\/s40623-017-0711-6\" target=\"_blank\" rel=\"noopener\">10.1186\/s40623-017-0711-6<\/a><\/p>\n<p>Please, have a look at the above papers before downloading data and citing them in your own research if you are using the corresponding data. Complementary information about the database (e.g. description of proposed format) can be found<span>\u00a0<\/span><a href=\"https:\/\/web.itsak.gr\/ARGONET\/SINAPS\/Sinaps_Postseismic_DB_description_v20180122.pdf\" target=\"_blank\" rel=\"noopener\">here<\/a>.<\/p>\n<p><strong>Notice<\/strong>: If the downloading of the following files takes too long, you can find the same data in the following ftp site (username: sinaps \/ password: sinaps):<br \/>\n<a href=\"ftp:\/\/ist-ftp.u-ga.fr\/postseismic_event_data\/\" target=\"_blank\" rel=\"noopener\">ftp:\/\/ist-ftp.u-ga.fr\/postseismic_event_data\/<\/a><\/p>\n<p>Data and information related to the<span>\u00a0<\/span><strong>Accelerometer dataset<\/strong>:<br \/>\n[<a href=\"https:\/\/web.itsak.gr\/ARGONET\/SINAPS\/Sinaps_Postseismic_Accelerometer_DB_flatfile.dat\">flatfile<\/a>] [<a href=\"https:\/\/web.itsak.gr\/ARGONET\/SINAPS\/Sinaps_Postseismic_Accelerometer_DB_ASC_v20180410.zip\">data in ASCII format<\/a>] [<a href=\"https:\/\/web.itsak.gr\/ARGONET\/SINAPS\/Sinaps_Postseismic_Accelerometer_DB_SAC.zip\">data in SAC format<\/a>] [<a href=\"https:\/\/web.itsak.gr\/ARGONET\/SINAPS\/Sinaps_Postseismic_Accelerometer_DB_MAT.zip\">data in Matlab file format<\/a>]<\/p>\n<p>Data and information related to the<span>\u00a0<\/span><strong>Broadband velocimeter dens array dataset<\/strong>:<br \/>\n[<a href=\"https:\/\/web.itsak.gr\/ARGONET\/SINAPS\/Sinaps_Postseismic_VelocimeterDenseArray_DB_flatfile_v20180122.dat\">flatfile<\/a>]<br \/>\n[<a href=\"https:\/\/web.itsak.gr\/ARGONET\/SINAPS\/Sinaps_Postseismic_VelocimeterDenseArray_DB_ASC_v20180410.zip\">data in ASCII format<\/a>] [<a href=\"https:\/\/web.itsak.gr\/ARGONET\/SINAPS\/Sinaps_Postseismic_VelocimeterDenseArray_DB_SAC.zip\">data in SAC format<\/a>] [<a href=\"https:\/\/web.itsak.gr\/ARGONET\/SINAPS\/Sinaps_Postseismic_VelocimeterDenseArray_DB_MAT.zip\">data in Matlab file format<\/a>]<\/p>\n<p>Data and information related to the<span>\u00a0<\/span><strong>ROSA rotation sensor<\/strong>:<br \/>\n[<a href=\"https:\/\/web.itsak.gr\/ARGONET\/SINAPS\/Sinaps_Postseismic_RotatioROSA_DB_flatfile_v20170726.dat\">flatfile<\/a>] [<a href=\"https:\/\/web.itsak.gr\/ARGONET\/SINAPS\/Sinaps_Postseismic_RotatioROSA_DB_ASC_v20180410.zip\">data in ASCII format<\/a>] [<a href=\"https:\/\/web.itsak.gr\/ARGONET\/SINAPS\/Sinaps_Postseismic_RotatioROSA_DB_SAC_v20170726.zip\">data in SAC format<\/a>] [<a href=\"https:\/\/web.itsak.gr\/ARGONET\/SINAPS\/Sinaps_Postseismic_RotatioROSA_DB_MAT_v20170726.zip\">data in Matlab file format<\/a>]<\/p>\n<p>Data and information related to the<span>\u00a0<\/span><strong>RORA rotation sensor<\/strong>:<br \/>\n[<a href=\"https:\/\/web.itsak.gr\/ARGONET\/SINAPS\/Sinaps_Postseismic_RotatioRORA_DB_flatfile_v20170726.dat\">flatfile<\/a>] [<a href=\"https:\/\/web.itsak.gr\/ARGONET\/SINAPS\/Sinaps_Postseismic_RotatioRORA_DB_ASC_v20180410.zip\">data in ASCII format<\/a>] [<a href=\"https:\/\/web.itsak.gr\/ARGONET\/SINAPS\/Sinaps_Postseismic_RotatioRORA_DB_SAC_v20170726.zip\">data in SAC format<\/a>] [<a href=\"https:\/\/web.itsak.gr\/ARGONET\/SINAPS\/Sinaps_Postseismic_RotatioRORA_DB_MAT_v20170726.zip\">data in Matlab file format<\/a>]<\/p>\n<p>Data and information related to the<span>\u00a0<\/span><strong>ROAN rotation sensor<\/strong>:<br \/>\n[<a href=\"https:\/\/web.itsak.gr\/ARGONET\/SINAPS\/Sinaps_Postseismic_RotatioROAN_DB_flatfile_v20170726.dat\">flatfile<\/a>] [<a href=\"https:\/\/web.itsak.gr\/ARGONET\/SINAPS\/Sinaps_Postseismic_RotatioROAN_DB_ASC_v20180410.zip\">data in ASCII format<\/a>] [<a href=\"https:\/\/web.itsak.gr\/ARGONET\/SINAPS\/Sinaps_Postseismic_RotatioROAN_DB_SAC_v20170726.zip\">data in SAC format<\/a>] [<a href=\"https:\/\/web.itsak.gr\/ARGONET\/SINAPS\/Sinaps_Postseismic_RotatioROAN_DB_MAT_v20170726.zip\">data in Matlab file format<\/a>]<\/p>\n<p>For further information, please contact<span>\u00a0<\/span><a href=\"mailto:fabrice.hollender [at] cea.fr\">fabrice.hollender [at] cea.fr<\/a><span>\u00a0<\/span>or<span>\u00a0<\/span><a href=\"mailto:ntheo [at] itsak.gr\">ntheo [at] itsak.gr<\/a><\/p>\n","protected":false},"excerpt":{"rendered":"<p>Through this page, you can download the event datasets built with the records performed during the Sinaps@ post-seismic survey (Cephalonia 2014-2015 aftershock sequence). This repository webpage is associated to these papers: Vincent Perron, Fabrice Hollender, Armand Mariscal, Nikolaos Theodoulidis, Chrisostomos Andreou, Pierre\u2010Yves Bard, C\u00e9cile Cornou, R\u00e9gis Cottereau, Edward Marc Cushing, [&hellip;]<\/p>\n","protected":false},"author":1,"featured_media":0,"parent":0,"menu_order":0,"comment_status":"closed","ping_status":"closed","template":"","meta":{"_themeisle_gutenberg_block_has_review":false,"footnotes":""},"class_list":["post-93","page","type-page","status-publish","hentry"],"yoast_head":"<!-- This site is optimized with the Yoast SEO plugin v24.1 - https:\/\/yoast.com\/wordpress\/plugins\/seo\/ -->\n<title>Repository webpage of the Sinaps@ post-seismic survey datasets - ARGONET Kefalonia<\/title>\n<meta name=\"robots\" content=\"index, follow, max-snippet:-1, max-image-preview:large, max-video-preview:-1\" \/>\n<link rel=\"canonical\" href=\"https:\/\/romantic-hopper.213-158-90-86.plesk.page\/index.php\/postseismic_event_data\/\" \/>\n<meta property=\"og:locale\" content=\"en_US\" \/>\n<meta property=\"og:type\" content=\"article\" \/>\n<meta property=\"og:title\" content=\"Repository webpage of the Sinaps@ post-seismic survey datasets - ARGONET Kefalonia\" \/>\n<meta property=\"og:description\" content=\"Through this page, you can download the event datasets built with the records performed during the Sinaps@ post-seismic survey (Cephalonia 2014-2015 aftershock sequence). This repository webpage is associated to these papers: Vincent Perron, Fabrice Hollender, Armand Mariscal, Nikolaos Theodoulidis, Chrisostomos Andreou, Pierre\u2010Yves Bard, C\u00e9cile Cornou, R\u00e9gis Cottereau, Edward Marc Cushing, [&hellip;]\" \/>\n<meta property=\"og:url\" content=\"https:\/\/romantic-hopper.213-158-90-86.plesk.page\/index.php\/postseismic_event_data\/\" \/>\n<meta property=\"og:site_name\" content=\"ARGONET Kefalonia\" \/>\n<meta name=\"twitter:card\" content=\"summary_large_image\" \/>\n<meta name=\"twitter:label1\" content=\"Est. reading time\" \/>\n\t<meta name=\"twitter:data1\" content=\"2 minutes\" \/>\n<script type=\"application\/ld+json\" class=\"yoast-schema-graph\">{\"@context\":\"https:\/\/schema.org\",\"@graph\":[{\"@type\":\"WebPage\",\"@id\":\"https:\/\/romantic-hopper.213-158-90-86.plesk.page\/index.php\/postseismic_event_data\/\",\"url\":\"https:\/\/romantic-hopper.213-158-90-86.plesk.page\/index.php\/postseismic_event_data\/\",\"name\":\"Repository webpage of the Sinaps@ post-seismic survey datasets - ARGONET Kefalonia\",\"isPartOf\":{\"@id\":\"https:\/\/romantic-hopper.213-158-90-86.plesk.page\/#website\"},\"datePublished\":\"2024-12-23T07:56:57+00:00\",\"dateModified\":\"2024-12-23T07:56:57+00:00\",\"breadcrumb\":{\"@id\":\"https:\/\/romantic-hopper.213-158-90-86.plesk.page\/index.php\/postseismic_event_data\/#breadcrumb\"},\"inLanguage\":\"en-US\",\"potentialAction\":[{\"@type\":\"ReadAction\",\"target\":[\"https:\/\/romantic-hopper.213-158-90-86.plesk.page\/index.php\/postseismic_event_data\/\"]}]},{\"@type\":\"BreadcrumbList\",\"@id\":\"https:\/\/romantic-hopper.213-158-90-86.plesk.page\/index.php\/postseismic_event_data\/#breadcrumb\",\"itemListElement\":[{\"@type\":\"ListItem\",\"position\":1,\"name\":\"Home\",\"item\":\"https:\/\/romantic-hopper.213-158-90-86.plesk.page\/\"},{\"@type\":\"ListItem\",\"position\":2,\"name\":\"Repository webpage of the Sinaps@ post-seismic survey datasets\"}]},{\"@type\":\"WebSite\",\"@id\":\"https:\/\/romantic-hopper.213-158-90-86.plesk.page\/#website\",\"url\":\"https:\/\/romantic-hopper.213-158-90-86.plesk.page\/\",\"name\":\"ARGONET Kefalonia\",\"description\":\"A 3D accelerometric array implemented on the island of Kefalonia in Greece\",\"potentialAction\":[{\"@type\":\"SearchAction\",\"target\":{\"@type\":\"EntryPoint\",\"urlTemplate\":\"https:\/\/romantic-hopper.213-158-90-86.plesk.page\/?s={search_term_string}\"},\"query-input\":{\"@type\":\"PropertyValueSpecification\",\"valueRequired\":true,\"valueName\":\"search_term_string\"}}],\"inLanguage\":\"en-US\"}]}<\/script>\n<!-- \/ Yoast SEO plugin. -->","yoast_head_json":{"title":"Repository webpage of the Sinaps@ post-seismic survey datasets - ARGONET Kefalonia","robots":{"index":"index","follow":"follow","max-snippet":"max-snippet:-1","max-image-preview":"max-image-preview:large","max-video-preview":"max-video-preview:-1"},"canonical":"https:\/\/romantic-hopper.213-158-90-86.plesk.page\/index.php\/postseismic_event_data\/","og_locale":"en_US","og_type":"article","og_title":"Repository webpage of the Sinaps@ post-seismic survey datasets - ARGONET Kefalonia","og_description":"Through this page, you can download the event datasets built with the records performed during the Sinaps@ post-seismic survey (Cephalonia 2014-2015 aftershock sequence). This repository webpage is associated to these papers: Vincent Perron, Fabrice Hollender, Armand Mariscal, Nikolaos Theodoulidis, Chrisostomos Andreou, Pierre\u2010Yves Bard, C\u00e9cile Cornou, R\u00e9gis Cottereau, Edward Marc Cushing, [&hellip;]","og_url":"https:\/\/romantic-hopper.213-158-90-86.plesk.page\/index.php\/postseismic_event_data\/","og_site_name":"ARGONET Kefalonia","twitter_card":"summary_large_image","twitter_misc":{"Est. reading time":"2 minutes"},"schema":{"@context":"https:\/\/schema.org","@graph":[{"@type":"WebPage","@id":"https:\/\/romantic-hopper.213-158-90-86.plesk.page\/index.php\/postseismic_event_data\/","url":"https:\/\/romantic-hopper.213-158-90-86.plesk.page\/index.php\/postseismic_event_data\/","name":"Repository webpage of the Sinaps@ post-seismic survey datasets - ARGONET Kefalonia","isPartOf":{"@id":"https:\/\/romantic-hopper.213-158-90-86.plesk.page\/#website"},"datePublished":"2024-12-23T07:56:57+00:00","dateModified":"2024-12-23T07:56:57+00:00","breadcrumb":{"@id":"https:\/\/romantic-hopper.213-158-90-86.plesk.page\/index.php\/postseismic_event_data\/#breadcrumb"},"inLanguage":"en-US","potentialAction":[{"@type":"ReadAction","target":["https:\/\/romantic-hopper.213-158-90-86.plesk.page\/index.php\/postseismic_event_data\/"]}]},{"@type":"BreadcrumbList","@id":"https:\/\/romantic-hopper.213-158-90-86.plesk.page\/index.php\/postseismic_event_data\/#breadcrumb","itemListElement":[{"@type":"ListItem","position":1,"name":"Home","item":"https:\/\/romantic-hopper.213-158-90-86.plesk.page\/"},{"@type":"ListItem","position":2,"name":"Repository webpage of the Sinaps@ post-seismic survey datasets"}]},{"@type":"WebSite","@id":"https:\/\/romantic-hopper.213-158-90-86.plesk.page\/#website","url":"https:\/\/romantic-hopper.213-158-90-86.plesk.page\/","name":"ARGONET Kefalonia","description":"A 3D accelerometric array implemented on the island of Kefalonia in Greece","potentialAction":[{"@type":"SearchAction","target":{"@type":"EntryPoint","urlTemplate":"https:\/\/romantic-hopper.213-158-90-86.plesk.page\/?s={search_term_string}"},"query-input":{"@type":"PropertyValueSpecification","valueRequired":true,"valueName":"search_term_string"}}],"inLanguage":"en-US"}]}},"_links":{"self":[{"href":"https:\/\/romantic-hopper.213-158-90-86.plesk.page\/index.php\/wp-json\/wp\/v2\/pages\/93","targetHints":{"allow":["GET"]}}],"collection":[{"href":"https:\/\/romantic-hopper.213-158-90-86.plesk.page\/index.php\/wp-json\/wp\/v2\/pages"}],"about":[{"href":"https:\/\/romantic-hopper.213-158-90-86.plesk.page\/index.php\/wp-json\/wp\/v2\/types\/page"}],"author":[{"embeddable":true,"href":"https:\/\/romantic-hopper.213-158-90-86.plesk.page\/index.php\/wp-json\/wp\/v2\/users\/1"}],"replies":[{"embeddable":true,"href":"https:\/\/romantic-hopper.213-158-90-86.plesk.page\/index.php\/wp-json\/wp\/v2\/comments?post=93"}],"version-history":[{"count":1,"href":"https:\/\/romantic-hopper.213-158-90-86.plesk.page\/index.php\/wp-json\/wp\/v2\/pages\/93\/revisions"}],"predecessor-version":[{"id":94,"href":"https:\/\/romantic-hopper.213-158-90-86.plesk.page\/index.php\/wp-json\/wp\/v2\/pages\/93\/revisions\/94"}],"wp:attachment":[{"href":"https:\/\/romantic-hopper.213-158-90-86.plesk.page\/index.php\/wp-json\/wp\/v2\/media?parent=93"}],"curies":[{"name":"wp","href":"https:\/\/api.w.org\/{rel}","templated":true}]}}