{"id":86,"date":"2024-12-23T07:49:50","date_gmt":"2024-12-23T07:49:50","guid":{"rendered":"https:\/\/romantic-hopper.213-158-90-86.plesk.page\/?page_id=86"},"modified":"2024-12-23T08:46:34","modified_gmt":"2024-12-23T08:46:34","slug":"project-description-funding","status":"publish","type":"page","link":"https:\/\/romantic-hopper.213-158-90-86.plesk.page\/index.php\/project-description-funding\/","title":{"rendered":"Project description &#038; Funding"},"content":{"rendered":"<p>This page describes the project and the special 3D accelerometric array (ARGONET) that was designed and installed in Argostoli-Cephalonia (Greece).<br \/>\n<strong>Title:<\/strong><span>\u00a0<\/span>SINAPS@[Earthquake and Nuclear Facilities : Ensuring Safety and Sustaining]<\/p>\n<p><strong>Date:<\/strong><span>\u00a0<\/span>2014 \u2013 2018<\/p>\n<p><strong>Funding Organisation:<\/strong><span>\u00a0<\/span>ANR (Agence Nationale de la Recherche, France)<br \/>\nPartners: CEA , EDF , ENS Cachan, Ecole Centrale Paris , Ecole Centrale Nantes, Grenoble Polytechnic Institute , Areva, IRSN , EGIS \u2013 Industries, Universit\u00e9 Joseph ISTerre , IFSTTAR, CEREMA M\u00e9diterran\u00e9e, PIA \u2013RSNR, EPPO-ITSAK, TEI Ionion Nison<\/p>\n<p><strong>Coordinator:<\/strong><span>\u00a0<\/span>CEA, IRSN, France (C. Berge-Thierry)<\/p>\n<p><strong>Project Manager:<\/strong><span>\u00a0<\/span>EPPO-ITSAK (N. Theodoulidis)<\/p>\n<p><strong>Description:<\/strong><span>\u00a0<\/span>The SINAPS@ research program (http:\/\/www.institut-seism.fr\/en\/projects\/sinaps\/) aims at exploring the uncertainties inherent in databases, knowledge of the physical processes and methods used at each step of the evaluation of the seismic hazard and the vulnerability of structures and nuclear components, in the context of a safety approach. The main objective is to identify or\/and quantify the seismic margins resulting from assumptions or when selecting the level of seismic design, i.e. taking into account the uncertainties in the conservative choice, or design strategy. SINAPS@ project will help to address safety issues highlighted following the Fukushima accident, especially with regard to seismic safety margins. For this purpose, a special 3D accelerometric array (ARGONET) was designed and will be installed in Argostoli-Cephalonia (Greece). Recordings from this array will effectively contribute to understanding of those parameters that define uncertainties in estimating strong ground motion.<\/p>\n<div id=\"attachment_87\" style=\"width: 733px\" class=\"wp-caption alignnone\"><img fetchpriority=\"high\" decoding=\"async\" aria-describedby=\"caption-attachment-87\" src=\"https:\/\/romantic-hopper.213-158-90-86.plesk.page\/wp-content\/uploads\/2024\/12\/argonettomi-300x100.png\" alt=\"Geologic cross-section of the ARGONET area (Hollender t al. 2015).\" width=\"723\" height=\"241\" class=\" wp-image-87\" srcset=\"https:\/\/romantic-hopper.213-158-90-86.plesk.page\/wp-content\/uploads\/2024\/12\/argonettomi-300x100.png 300w, https:\/\/romantic-hopper.213-158-90-86.plesk.page\/wp-content\/uploads\/2024\/12\/argonettomi.png 557w\" sizes=\"(max-width: 723px) 100vw, 723px\" \/><p id=\"caption-attachment-87\" class=\"wp-caption-text\">Geologic cross-section of the ARGONET area (Hollender t al. 2015).<\/p><\/div>\n","protected":false},"excerpt":{"rendered":"<p>This page describes the project and the special 3D accelerometric array (ARGONET) that was designed and installed in Argostoli-Cephalonia (Greece). Title:\u00a0SINAPS@[Earthquake and Nuclear Facilities : Ensuring Safety and Sustaining] Date:\u00a02014 \u2013 2018 Funding Organisation:\u00a0ANR (Agence Nationale de la Recherche, France) Partners: CEA , EDF , ENS Cachan, Ecole Centrale Paris [&hellip;]<\/p>\n","protected":false},"author":1,"featured_media":0,"parent":0,"menu_order":0,"comment_status":"closed","ping_status":"closed","template":"","meta":{"_themeisle_gutenberg_block_has_review":false,"footnotes":""},"class_list":["post-86","page","type-page","status-publish","hentry"],"yoast_head":"<!-- This site is optimized with the Yoast SEO plugin v24.1 - https:\/\/yoast.com\/wordpress\/plugins\/seo\/ -->\n<title>Project description &amp; Funding - ARGONET Kefalonia<\/title>\n<meta name=\"robots\" content=\"index, follow, max-snippet:-1, max-image-preview:large, max-video-preview:-1\" \/>\n<link rel=\"canonical\" href=\"https:\/\/romantic-hopper.213-158-90-86.plesk.page\/index.php\/project-description-funding\/\" \/>\n<meta property=\"og:locale\" content=\"en_US\" \/>\n<meta property=\"og:type\" content=\"article\" \/>\n<meta property=\"og:title\" content=\"Project description &amp; Funding - ARGONET Kefalonia\" \/>\n<meta property=\"og:description\" content=\"This page describes the project and the special 3D accelerometric array (ARGONET) that was designed and installed in Argostoli-Cephalonia (Greece). Title:\u00a0SINAPS@[Earthquake and Nuclear Facilities : Ensuring Safety and Sustaining] Date:\u00a02014 \u2013 2018 Funding Organisation:\u00a0ANR (Agence Nationale de la Recherche, France) Partners: CEA , EDF , ENS Cachan, Ecole Centrale Paris [&hellip;]\" \/>\n<meta property=\"og:url\" content=\"https:\/\/romantic-hopper.213-158-90-86.plesk.page\/index.php\/project-description-funding\/\" \/>\n<meta property=\"og:site_name\" content=\"ARGONET Kefalonia\" \/>\n<meta property=\"article:modified_time\" content=\"2024-12-23T08:46:34+00:00\" \/>\n<meta property=\"og:image\" content=\"https:\/\/romantic-hopper.213-158-90-86.plesk.page\/wp-content\/uploads\/2024\/12\/argonettomi.png\" \/>\n\t<meta property=\"og:image:width\" content=\"557\" \/>\n\t<meta property=\"og:image:height\" content=\"186\" \/>\n\t<meta property=\"og:image:type\" content=\"image\/png\" \/>\n<meta name=\"twitter:card\" content=\"summary_large_image\" \/>\n<meta name=\"twitter:label1\" content=\"Est. reading time\" \/>\n\t<meta name=\"twitter:data1\" content=\"2 minutes\" \/>\n<script type=\"application\/ld+json\" class=\"yoast-schema-graph\">{\"@context\":\"https:\/\/schema.org\",\"@graph\":[{\"@type\":\"WebPage\",\"@id\":\"https:\/\/romantic-hopper.213-158-90-86.plesk.page\/index.php\/project-description-funding\/\",\"url\":\"https:\/\/romantic-hopper.213-158-90-86.plesk.page\/index.php\/project-description-funding\/\",\"name\":\"Project description & Funding - ARGONET Kefalonia\",\"isPartOf\":{\"@id\":\"https:\/\/romantic-hopper.213-158-90-86.plesk.page\/#website\"},\"primaryImageOfPage\":{\"@id\":\"https:\/\/romantic-hopper.213-158-90-86.plesk.page\/index.php\/project-description-funding\/#primaryimage\"},\"image\":{\"@id\":\"https:\/\/romantic-hopper.213-158-90-86.plesk.page\/index.php\/project-description-funding\/#primaryimage\"},\"thumbnailUrl\":\"https:\/\/romantic-hopper.213-158-90-86.plesk.page\/wp-content\/uploads\/2024\/12\/argonettomi-300x100.png\",\"datePublished\":\"2024-12-23T07:49:50+00:00\",\"dateModified\":\"2024-12-23T08:46:34+00:00\",\"breadcrumb\":{\"@id\":\"https:\/\/romantic-hopper.213-158-90-86.plesk.page\/index.php\/project-description-funding\/#breadcrumb\"},\"inLanguage\":\"en-US\",\"potentialAction\":[{\"@type\":\"ReadAction\",\"target\":[\"https:\/\/romantic-hopper.213-158-90-86.plesk.page\/index.php\/project-description-funding\/\"]}]},{\"@type\":\"ImageObject\",\"inLanguage\":\"en-US\",\"@id\":\"https:\/\/romantic-hopper.213-158-90-86.plesk.page\/index.php\/project-description-funding\/#primaryimage\",\"url\":\"https:\/\/romantic-hopper.213-158-90-86.plesk.page\/wp-content\/uploads\/2024\/12\/argonettomi.png\",\"contentUrl\":\"https:\/\/romantic-hopper.213-158-90-86.plesk.page\/wp-content\/uploads\/2024\/12\/argonettomi.png\",\"width\":557,\"height\":186,\"caption\":\"Geologic cross-section of the ARGONET area (Hollender t al. 2015).\"},{\"@type\":\"BreadcrumbList\",\"@id\":\"https:\/\/romantic-hopper.213-158-90-86.plesk.page\/index.php\/project-description-funding\/#breadcrumb\",\"itemListElement\":[{\"@type\":\"ListItem\",\"position\":1,\"name\":\"Home\",\"item\":\"https:\/\/romantic-hopper.213-158-90-86.plesk.page\/\"},{\"@type\":\"ListItem\",\"position\":2,\"name\":\"Project description &#038; Funding\"}]},{\"@type\":\"WebSite\",\"@id\":\"https:\/\/romantic-hopper.213-158-90-86.plesk.page\/#website\",\"url\":\"https:\/\/romantic-hopper.213-158-90-86.plesk.page\/\",\"name\":\"ARGONET Kefalonia\",\"description\":\"A 3D accelerometric array implemented on the island of Kefalonia in Greece\",\"potentialAction\":[{\"@type\":\"SearchAction\",\"target\":{\"@type\":\"EntryPoint\",\"urlTemplate\":\"https:\/\/romantic-hopper.213-158-90-86.plesk.page\/?s={search_term_string}\"},\"query-input\":{\"@type\":\"PropertyValueSpecification\",\"valueRequired\":true,\"valueName\":\"search_term_string\"}}],\"inLanguage\":\"en-US\"}]}<\/script>\n<!-- \/ Yoast SEO plugin. -->","yoast_head_json":{"title":"Project description & Funding - ARGONET Kefalonia","robots":{"index":"index","follow":"follow","max-snippet":"max-snippet:-1","max-image-preview":"max-image-preview:large","max-video-preview":"max-video-preview:-1"},"canonical":"https:\/\/romantic-hopper.213-158-90-86.plesk.page\/index.php\/project-description-funding\/","og_locale":"en_US","og_type":"article","og_title":"Project description & Funding - ARGONET Kefalonia","og_description":"This page describes the project and the special 3D accelerometric array (ARGONET) that was designed and installed in Argostoli-Cephalonia (Greece). Title:\u00a0SINAPS@[Earthquake and Nuclear Facilities : Ensuring Safety and Sustaining] Date:\u00a02014 \u2013 2018 Funding Organisation:\u00a0ANR (Agence Nationale de la Recherche, France) Partners: CEA , EDF , ENS Cachan, Ecole Centrale Paris [&hellip;]","og_url":"https:\/\/romantic-hopper.213-158-90-86.plesk.page\/index.php\/project-description-funding\/","og_site_name":"ARGONET Kefalonia","article_modified_time":"2024-12-23T08:46:34+00:00","og_image":[{"width":557,"height":186,"url":"https:\/\/romantic-hopper.213-158-90-86.plesk.page\/wp-content\/uploads\/2024\/12\/argonettomi.png","type":"image\/png"}],"twitter_card":"summary_large_image","twitter_misc":{"Est. reading time":"2 minutes"},"schema":{"@context":"https:\/\/schema.org","@graph":[{"@type":"WebPage","@id":"https:\/\/romantic-hopper.213-158-90-86.plesk.page\/index.php\/project-description-funding\/","url":"https:\/\/romantic-hopper.213-158-90-86.plesk.page\/index.php\/project-description-funding\/","name":"Project description & Funding - ARGONET Kefalonia","isPartOf":{"@id":"https:\/\/romantic-hopper.213-158-90-86.plesk.page\/#website"},"primaryImageOfPage":{"@id":"https:\/\/romantic-hopper.213-158-90-86.plesk.page\/index.php\/project-description-funding\/#primaryimage"},"image":{"@id":"https:\/\/romantic-hopper.213-158-90-86.plesk.page\/index.php\/project-description-funding\/#primaryimage"},"thumbnailUrl":"https:\/\/romantic-hopper.213-158-90-86.plesk.page\/wp-content\/uploads\/2024\/12\/argonettomi-300x100.png","datePublished":"2024-12-23T07:49:50+00:00","dateModified":"2024-12-23T08:46:34+00:00","breadcrumb":{"@id":"https:\/\/romantic-hopper.213-158-90-86.plesk.page\/index.php\/project-description-funding\/#breadcrumb"},"inLanguage":"en-US","potentialAction":[{"@type":"ReadAction","target":["https:\/\/romantic-hopper.213-158-90-86.plesk.page\/index.php\/project-description-funding\/"]}]},{"@type":"ImageObject","inLanguage":"en-US","@id":"https:\/\/romantic-hopper.213-158-90-86.plesk.page\/index.php\/project-description-funding\/#primaryimage","url":"https:\/\/romantic-hopper.213-158-90-86.plesk.page\/wp-content\/uploads\/2024\/12\/argonettomi.png","contentUrl":"https:\/\/romantic-hopper.213-158-90-86.plesk.page\/wp-content\/uploads\/2024\/12\/argonettomi.png","width":557,"height":186,"caption":"Geologic cross-section of the ARGONET area (Hollender t al. 2015)."},{"@type":"BreadcrumbList","@id":"https:\/\/romantic-hopper.213-158-90-86.plesk.page\/index.php\/project-description-funding\/#breadcrumb","itemListElement":[{"@type":"ListItem","position":1,"name":"Home","item":"https:\/\/romantic-hopper.213-158-90-86.plesk.page\/"},{"@type":"ListItem","position":2,"name":"Project description &#038; Funding"}]},{"@type":"WebSite","@id":"https:\/\/romantic-hopper.213-158-90-86.plesk.page\/#website","url":"https:\/\/romantic-hopper.213-158-90-86.plesk.page\/","name":"ARGONET Kefalonia","description":"A 3D accelerometric array implemented on the island of Kefalonia in Greece","potentialAction":[{"@type":"SearchAction","target":{"@type":"EntryPoint","urlTemplate":"https:\/\/romantic-hopper.213-158-90-86.plesk.page\/?s={search_term_string}"},"query-input":{"@type":"PropertyValueSpecification","valueRequired":true,"valueName":"search_term_string"}}],"inLanguage":"en-US"}]}},"_links":{"self":[{"href":"https:\/\/romantic-hopper.213-158-90-86.plesk.page\/index.php\/wp-json\/wp\/v2\/pages\/86","targetHints":{"allow":["GET"]}}],"collection":[{"href":"https:\/\/romantic-hopper.213-158-90-86.plesk.page\/index.php\/wp-json\/wp\/v2\/pages"}],"about":[{"href":"https:\/\/romantic-hopper.213-158-90-86.plesk.page\/index.php\/wp-json\/wp\/v2\/types\/page"}],"author":[{"embeddable":true,"href":"https:\/\/romantic-hopper.213-158-90-86.plesk.page\/index.php\/wp-json\/wp\/v2\/users\/1"}],"replies":[{"embeddable":true,"href":"https:\/\/romantic-hopper.213-158-90-86.plesk.page\/index.php\/wp-json\/wp\/v2\/comments?post=86"}],"version-history":[{"count":2,"href":"https:\/\/romantic-hopper.213-158-90-86.plesk.page\/index.php\/wp-json\/wp\/v2\/pages\/86\/revisions"}],"predecessor-version":[{"id":133,"href":"https:\/\/romantic-hopper.213-158-90-86.plesk.page\/index.php\/wp-json\/wp\/v2\/pages\/86\/revisions\/133"}],"wp:attachment":[{"href":"https:\/\/romantic-hopper.213-158-90-86.plesk.page\/index.php\/wp-json\/wp\/v2\/media?parent=86"}],"curies":[{"name":"wp","href":"https:\/\/api.w.org\/{rel}","templated":true}]}}